{"id":36,"date":"2025-11-28T10:02:22","date_gmt":"2025-11-28T09:02:22","guid":{"rendered":"https:\/\/www.themodafactory.com\/?page_id=36"},"modified":"2025-12-06T08:36:15","modified_gmt":"2025-12-06T07:36:15","slug":"chi-siamo","status":"publish","type":"page","link":"https:\/\/www.themodafactory.com\/en\/chi-siamo\/","title":{"rendered":"Who we are"},"content":{"rendered":"<div data-elementor-type=\"wp-page\" data-elementor-id=\"36\" class=\"elementor elementor-36\" data-elementor-post-type=\"page\">\n\t\t\t\t<div class=\"elementor-element elementor-element-373f69f e-flex e-con-boxed e-con e-parent\" data-id=\"373f69f\" data-element_type=\"container\" data-e-type=\"container\">\n\t\t\t\t\t<div class=\"e-con-inner\">\n\t\t\t\t<div class=\"elementor-element elementor-element-3c36718 elementor-widget elementor-widget-spacer\" data-id=\"3c36718\" data-element_type=\"widget\" data-e-type=\"widget\" data-widget_type=\"spacer.default\">\n\t\t\t\t\t\t\t<div class=\"elementor-spacer\">\n\t\t\t<div class=\"elementor-spacer-inner\"><\/div>\n\t\t<\/div>\n\t\t\t\t\t\t<\/div>\n\t\t\t\t\t<\/div>\n\t\t\t\t<\/div>\n\t\t<div class=\"elementor-element elementor-element-9b1f73e e-flex e-con-boxed e-con e-parent\" data-id=\"9b1f73e\" data-element_type=\"container\" data-e-type=\"container\">\n\t\t\t\t\t<div class=\"e-con-inner\">\n\t\t<div class=\"elementor-element elementor-element-826345a e-con-full e-flex e-con e-child\" data-id=\"826345a\" data-element_type=\"container\" data-e-type=\"container\">\n\t\t\t\t<div class=\"elementor-element elementor-element-c34cd09 elementor-widget elementor-widget-heading\" data-id=\"c34cd09\" data-element_type=\"widget\" data-e-type=\"widget\" data-widget_type=\"heading.default\">\n\t\t\t\t\t<h2 class=\"elementor-heading-title elementor-size-default\">OUR HISTORY<\/h2>\t\t\t\t<\/div>\n\t\t\t\t<div class=\"elementor-element elementor-element-1695976 elementor-widget elementor-widget-text-editor\" data-id=\"1695976\" data-element_type=\"widget\" data-e-type=\"widget\" data-widget_type=\"text-editor.default\">\n\t\t\t\t\t\t\t\t\t<p>\u201cTheModaFashion\u201d was born out of a desire to create fashion content in which expertise allows for the highest quality and high-level manufacturing. Our desire to create more and more exclusive products clashed with the difficulty of finding skilled and productive hands in the creation of superfine knitwear garments, made from the thinnest and therefore the lightest materials.<\/p><p>Nel nostro continuo cercare, spinti dal nostro presidente <strong>Fabrizio Giagnoni<\/strong> e dalla volont\u00e0 di assicurare ai nostri clienti un prodotto sempre pi\u00f9 qualificato, abbiamo rivolto lo sguardo alla <strong>Cina<\/strong>.<\/p><p>So we decided to develop, right where the expertise was greatest, our concept based on the possibility of making what we loved most: quality knitwear and clothing.<\/p>\t\t\t\t\t\t\t\t<\/div>\n\t\t\t\t<\/div>\n\t\t<div class=\"elementor-element elementor-element-fc699fc e-con-full e-flex e-con e-child\" data-id=\"fc699fc\" data-element_type=\"container\" data-e-type=\"container\">\n\t\t\t\t<div class=\"elementor-element elementor-element-e493541 elementor-widget elementor-widget-image\" data-id=\"e493541\" data-element_type=\"widget\" data-e-type=\"widget\" data-widget_type=\"image.default\">\n\t\t\t\t\t\t\t\t\t\t\t\t\t\t\t<img fetchpriority=\"high\" decoding=\"async\" width=\"800\" height=\"534\" src=\"https:\/\/www.themodafactory.com\/wp-content\/uploads\/2025\/12\/1000203644-1024x683.png\" class=\"attachment-large size-large wp-image-256\" alt=\"The Moda Factory Fabrizio Giagnoni\" srcset=\"https:\/\/www.themodafactory.com\/wp-content\/uploads\/2025\/12\/1000203644-1024x683.png 1024w, https:\/\/www.themodafactory.com\/wp-content\/uploads\/2025\/12\/1000203644-300x200.png 300w, https:\/\/www.themodafactory.com\/wp-content\/uploads\/2025\/12\/1000203644-768x512.png 768w, https:\/\/www.themodafactory.com\/wp-content\/uploads\/2025\/12\/1000203644-18x12.png 18w, https:\/\/www.themodafactory.com\/wp-content\/uploads\/2025\/12\/1000203644.png 1536w\" sizes=\"(max-width: 800px) 100vw, 800px\" \/>\t\t\t\t\t\t\t\t\t\t\t\t\t\t\t<\/div>\n\t\t\t\t<\/div>\n\t\t\t\t\t<\/div>\n\t\t\t\t<\/div>\n\t\t<div class=\"elementor-element elementor-element-f5e6125 e-flex e-con-boxed e-con e-parent\" data-id=\"f5e6125\" data-element_type=\"container\" data-e-type=\"container\">\n\t\t\t\t\t<div class=\"e-con-inner\">\n\t\t\t\t<div class=\"elementor-element elementor-element-f951bb0 elementor-widget elementor-widget-spacer\" data-id=\"f951bb0\" data-element_type=\"widget\" data-e-type=\"widget\" data-widget_type=\"spacer.default\">\n\t\t\t\t\t\t\t<div class=\"elementor-spacer\">\n\t\t\t<div class=\"elementor-spacer-inner\"><\/div>\n\t\t<\/div>\n\t\t\t\t\t\t<\/div>\n\t\t\t\t\t<\/div>\n\t\t\t\t<\/div>\n\t\t<div class=\"elementor-element elementor-element-e4c62d8 e-flex e-con-boxed e-con e-parent\" data-id=\"e4c62d8\" data-element_type=\"container\" data-e-type=\"container\">\n\t\t\t\t\t<div class=\"e-con-inner\">\n\t\t<div class=\"elementor-element elementor-element-aadd94b e-con-full e-flex e-con e-child\" data-id=\"aadd94b\" data-element_type=\"container\" data-e-type=\"container\">\n\t\t\t\t<div class=\"elementor-element elementor-element-aa633c6 elementor-widget elementor-widget-image\" data-id=\"aa633c6\" data-element_type=\"widget\" data-e-type=\"widget\" data-widget_type=\"image.default\">\n\t\t\t\t\t\t\t\t\t\t\t\t\t\t\t<img decoding=\"async\" width=\"800\" height=\"534\" src=\"https:\/\/www.themodafactory.com\/wp-content\/uploads\/2025\/12\/1000203642-1024x683.png\" class=\"attachment-large size-large wp-image-255\" alt=\"Linee di Abbigliamento Creativi Innovativi\" srcset=\"https:\/\/www.themodafactory.com\/wp-content\/uploads\/2025\/12\/1000203642-1024x683.png 1024w, https:\/\/www.themodafactory.com\/wp-content\/uploads\/2025\/12\/1000203642-300x200.png 300w, https:\/\/www.themodafactory.com\/wp-content\/uploads\/2025\/12\/1000203642-768x512.png 768w, https:\/\/www.themodafactory.com\/wp-content\/uploads\/2025\/12\/1000203642-18x12.png 18w, https:\/\/www.themodafactory.com\/wp-content\/uploads\/2025\/12\/1000203642.png 1536w\" sizes=\"(max-width: 800px) 100vw, 800px\" \/>\t\t\t\t\t\t\t\t\t\t\t\t\t\t\t<\/div>\n\t\t\t\t<\/div>\n\t\t<div class=\"elementor-element elementor-element-c138016 e-con-full e-flex e-con e-child\" data-id=\"c138016\" data-element_type=\"container\" data-e-type=\"container\">\n\t\t\t\t<div class=\"elementor-element elementor-element-208fa9b elementor-widget elementor-widget-image\" data-id=\"208fa9b\" data-element_type=\"widget\" data-e-type=\"widget\" data-widget_type=\"image.default\">\n\t\t\t\t\t\t\t\t\t\t\t\t\t\t\t<img decoding=\"async\" width=\"300\" height=\"47\" src=\"https:\/\/www.themodafactory.com\/wp-content\/uploads\/2025\/12\/aeromoda-logo-trasp-scaled-e1764583164530-300x47.png\" class=\"attachment-medium size-medium wp-image-258\" alt=\"The Moda Factory Fabrizio Giagnoni\" srcset=\"https:\/\/www.themodafactory.com\/wp-content\/uploads\/2025\/12\/aeromoda-logo-trasp-scaled-e1764583164530-300x47.png 300w, https:\/\/www.themodafactory.com\/wp-content\/uploads\/2025\/12\/aeromoda-logo-trasp-scaled-e1764583164530-1024x162.png 1024w, https:\/\/www.themodafactory.com\/wp-content\/uploads\/2025\/12\/aeromoda-logo-trasp-scaled-e1764583164530-768x122.png 768w, https:\/\/www.themodafactory.com\/wp-content\/uploads\/2025\/12\/aeromoda-logo-trasp-scaled-e1764583164530-1536x243.png 1536w, https:\/\/www.themodafactory.com\/wp-content\/uploads\/2025\/12\/aeromoda-logo-trasp-scaled-e1764583164530-2048x324.png 2048w, https:\/\/www.themodafactory.com\/wp-content\/uploads\/2025\/12\/aeromoda-logo-trasp-scaled-e1764583164530-18x3.png 18w\" sizes=\"(max-width: 300px) 100vw, 300px\" \/>\t\t\t\t\t\t\t\t\t\t\t\t\t\t\t<\/div>\n\t\t\t\t<div class=\"elementor-element elementor-element-3297cc6 elementor-widget elementor-widget-text-editor\" data-id=\"3297cc6\" data-element_type=\"widget\" data-e-type=\"widget\" data-widget_type=\"text-editor.default\">\n\t\t\t\t\t\t\t\t\t<p>Per questo, nel 2001 abbiamo creato il <a href=\"https:\/\/www.themodafactory.com\/en\/we-make-your-fashion-dream-come-true-2\/\" target=\"_blank\" rel=\"noopener\"><span style=\"color: #3366ff;\"><strong>nostro team<\/strong><\/span><\/a> e la nostra azienda <strong>Aeromoda LTD<\/strong> a <strong>Shanghai<\/strong>, che si occupa di ricerca, design, sviluppo e produzione di capi di abbigliamento con concettualit\u00e0 italiana e manifattura altamente qualificata.<\/p><p>Our design office in Italy takes in all fashion trends, working closely with the designers of the various brands and providing constant proposal and research.<\/p><p>Our concept is to offer a quality, serious and competent service, starting from the style idea and leading to the finished product, ready to be distributed to the final customer.<\/p>\t\t\t\t\t\t\t\t<\/div>\n\t\t\t\t<\/div>\n\t\t\t\t\t<\/div>\n\t\t\t\t<\/div>\n\t\t<div class=\"elementor-element elementor-element-81e0401 e-flex e-con-boxed e-con e-parent\" data-id=\"81e0401\" data-element_type=\"container\" data-e-type=\"container\">\n\t\t\t\t\t<div class=\"e-con-inner\">\n\t\t\t\t<div class=\"elementor-element elementor-element-7c33939 elementor-widget elementor-widget-spacer\" data-id=\"7c33939\" data-element_type=\"widget\" data-e-type=\"widget\" data-widget_type=\"spacer.default\">\n\t\t\t\t\t\t\t<div class=\"elementor-spacer\">\n\t\t\t<div class=\"elementor-spacer-inner\"><\/div>\n\t\t<\/div>\n\t\t\t\t\t\t<\/div>\n\t\t\t\t\t<\/div>\n\t\t\t\t<\/div>\n\t\t<div class=\"elementor-element elementor-element-bc04cf1 e-flex e-con-boxed e-con e-parent\" data-id=\"bc04cf1\" data-element_type=\"container\" data-e-type=\"container\">\n\t\t\t\t\t<div class=\"e-con-inner\">\n\t\t<div class=\"elementor-element elementor-element-a1a0099 e-con-full e-flex e-con e-child\" data-id=\"a1a0099\" data-element_type=\"container\" data-e-type=\"container\">\n\t\t\t\t<div class=\"elementor-element elementor-element-09a3295 elementor-widget elementor-widget-heading\" data-id=\"09a3295\" data-element_type=\"widget\" data-e-type=\"widget\" data-widget_type=\"heading.default\">\n\t\t\t\t\t<h2 class=\"elementor-heading-title elementor-size-default\">INNOVATION.<\/h2>\t\t\t\t<\/div>\n\t\t\t\t<div class=\"elementor-element elementor-element-a8247a6 elementor-widget elementor-widget-text-editor\" data-id=\"a8247a6\" data-element_type=\"widget\" data-e-type=\"widget\" data-widget_type=\"text-editor.default\">\n\t\t\t\t\t\t\t\t\t<p><strong>The Moda Factory<\/strong> sviluppa collezioni di abbigliamento personalizzate a partire da un\u2019idea o da un semplice disegno, seguendo l\u2019intero processo: ricerca trend, design, produzione, packaging e controllo qualit\u00e0. Collabora con importanti brand italiani e internazionali e gestisce internamente una filiera certificata secondo le normative europee.<\/p><p>Oggi, oltre alle aziende gi\u00e0 strutturate, offre supporto anche a chi vuole creare il proprio brand da zero, fornendo ricerca materiali e sviluppo di collezioni competitive. \u00c8 possibile prenotare una <strong>consulenza gratuita<\/strong> per presentare la propria idea e iniziare il percorso.<\/p>\t\t\t\t\t\t\t\t<\/div>\n\t\t\t\t<\/div>\n\t\t<div class=\"elementor-element elementor-element-d7f27b0 e-con-full e-flex e-con e-child\" data-id=\"d7f27b0\" data-element_type=\"container\" data-e-type=\"container\">\n\t\t\t\t<div class=\"elementor-element elementor-element-4ed36ce elementor-widget elementor-widget-image\" data-id=\"4ed36ce\" data-element_type=\"widget\" data-e-type=\"widget\" data-widget_type=\"image.default\">\n\t\t\t\t\t\t\t\t\t\t\t\t\t\t\t<img loading=\"lazy\" decoding=\"async\" width=\"2560\" height=\"1453\" src=\"https:\/\/www.themodafactory.com\/wp-content\/uploads\/2025\/11\/Marchio-Nero-scaled.png\" class=\"attachment-full size-full wp-image-180\" alt=\"The Moda Factory\" srcset=\"https:\/\/www.themodafactory.com\/wp-content\/uploads\/2025\/11\/Marchio-Nero-scaled.png 2560w, https:\/\/www.themodafactory.com\/wp-content\/uploads\/2025\/11\/Marchio-Nero-300x170.png 300w, https:\/\/www.themodafactory.com\/wp-content\/uploads\/2025\/11\/Marchio-Nero-1024x581.png 1024w, https:\/\/www.themodafactory.com\/wp-content\/uploads\/2025\/11\/Marchio-Nero-768x436.png 768w, https:\/\/www.themodafactory.com\/wp-content\/uploads\/2025\/11\/Marchio-Nero-1536x872.png 1536w, https:\/\/www.themodafactory.com\/wp-content\/uploads\/2025\/11\/Marchio-Nero-2048x1162.png 2048w, https:\/\/www.themodafactory.com\/wp-content\/uploads\/2025\/11\/Marchio-Nero-18x10.png 18w\" sizes=\"(max-width: 2560px) 100vw, 2560px\" \/>\t\t\t\t\t\t\t\t\t\t\t\t\t\t\t<\/div>\n\t\t\t\t<\/div>\n\t\t\t\t\t<\/div>\n\t\t\t\t<\/div>\n\t\t<div class=\"elementor-element elementor-element-37c680e e-flex e-con-boxed e-con e-parent\" data-id=\"37c680e\" data-element_type=\"container\" data-e-type=\"container\">\n\t\t\t\t\t<div class=\"e-con-inner\">\n\t\t\t\t<div class=\"elementor-element elementor-element-ecb324d elementor-widget elementor-widget-spacer\" data-id=\"ecb324d\" data-element_type=\"widget\" data-e-type=\"widget\" data-widget_type=\"spacer.default\">\n\t\t\t\t\t\t\t<div class=\"elementor-spacer\">\n\t\t\t<div class=\"elementor-spacer-inner\"><\/div>\n\t\t<\/div>\n\t\t\t\t\t\t<\/div>\n\t\t\t\t\t<\/div>\n\t\t\t\t<\/div>\n\t\t<div class=\"elementor-element elementor-element-27c8a93 e-flex e-con-boxed e-con e-parent\" data-id=\"27c8a93\" data-element_type=\"container\" data-e-type=\"container\">\n\t\t\t\t\t<div class=\"e-con-inner\">\n\t\t<div class=\"elementor-element elementor-element-36919f3 e-con-full e-flex e-con e-child\" data-id=\"36919f3\" data-element_type=\"container\" data-e-type=\"container\">\n\t\t\t\t<div class=\"elementor-element elementor-element-c7d0b4f elementor-widget elementor-widget-video\" data-id=\"c7d0b4f\" data-element_type=\"widget\" data-e-type=\"widget\" data-settings=\"{&quot;video_type&quot;:&quot;vimeo&quot;}\" data-widget_type=\"video.default\">\n\t\t\t\t\t\t\t<div class=\"elementor-wrapper elementor-open-inline\">\n\t\t\t<iframe class=\"elementor-video-iframe\" allowfullscreen allow=\"clipboard-write\" title=\"vimeo Video Player\" src=\"https:\/\/player.vimeo.com\/video\/1142006929?color&amp;autopause=0&amp;loop=0&amp;muted=0&amp;title=0&amp;portrait=0&amp;byline=0#t=\"><\/iframe>\t\t<\/div>\n\t\t\t\t\t\t<\/div>\n\t\t\t\t<\/div>\n\t\t<div class=\"elementor-element elementor-element-724cc66 e-con-full e-flex e-con e-child\" data-id=\"724cc66\" data-element_type=\"container\" data-e-type=\"container\">\n\t\t\t\t<div class=\"elementor-element elementor-element-58bc871 elementor-widget elementor-widget-video\" data-id=\"58bc871\" data-element_type=\"widget\" data-e-type=\"widget\" data-settings=\"{&quot;video_type&quot;:&quot;vimeo&quot;,&quot;mute&quot;:&quot;yes&quot;,&quot;loop&quot;:&quot;yes&quot;}\" data-no-translation=\"\" data-widget_type=\"video.default\">\n\t\t\t\t\t<style>.elementor-element-58bc871{display:none !important}<\/style>\t\t\t\t<\/div>\n\t\t\t\t<div class=\"elementor-element elementor-element-52711ef elementor-widget elementor-widget-video\" data-id=\"52711ef\" data-element_type=\"widget\" data-e-type=\"widget\" data-settings=\"{&quot;video_type&quot;:&quot;vimeo&quot;,&quot;mute&quot;:&quot;yes&quot;,&quot;loop&quot;:&quot;yes&quot;}\" data-no-translation=\"\" data-widget_type=\"video.default\">\n\t\t\t\t\t\t\t<div class=\"elementor-wrapper elementor-open-inline\">\n\t\t\t<iframe class=\"elementor-video-iframe\" allowfullscreen allow=\"clipboard-write\" title=\"vimeo Video Player\" src=\"https:\/\/player.vimeo.com\/video\/1050018022?color&amp;autopause=0&amp;loop=1&amp;muted=1&amp;title=0&amp;portrait=0&amp;byline=0#t=\"><\/iframe>\t\t<\/div>\n\t\t\t\t\t\t<\/div>\n\t\t\t\t<\/div>\n\t\t\t\t\t<\/div>\n\t\t\t\t<\/div>\n\t\t\t\t<\/div>","protected":false},"excerpt":{"rendered":"<p>LA NOSTRA STORIA &#8220;TheModaFashion&#8221; nasce dal desiderio di creare contenuti moda in cui la competenza consenta di raggiungere il massimo della qualit\u00e0 e una manifattura di alto livello. La nostra volont\u00e0 di realizzare prodotti sempre pi\u00f9 esclusivi si scontrava con la difficolt\u00e0 di trovare mani abili e produttive nella realizzazione di capi di maglieria superfine, [&hellip;]<\/p>\n","protected":false},"author":1,"featured_media":0,"parent":0,"menu_order":0,"comment_status":"open","ping_status":"closed","template":"elementor_header_footer","meta":{"footnotes":""},"class_list":["post-36","page","type-page","status-publish","hentry"],"yoast_head":"<!-- This site is optimized with the Yoast SEO Premium plugin v26.5 (Yoast SEO v27.3) - https:\/\/yoast.com\/product\/yoast-seo-premium-wordpress\/ -->\n<title>Chi siamo - Themodafactory<\/title>\n<meta name=\"robots\" content=\"index, follow, max-snippet:-1, max-image-preview:large, max-video-preview:-1\" \/>\n<link rel=\"canonical\" href=\"https:\/\/www.themodafactory.com\/en\/chi-siamo\/\" \/>\n<meta property=\"og:locale\" content=\"en_US\" \/>\n<meta property=\"og:type\" content=\"article\" \/>\n<meta property=\"og:title\" content=\"Chi siamo\" \/>\n<meta property=\"og:description\" content=\"LA NOSTRA STORIA &#8220;TheModaFashion&#8221; nasce dal desiderio di creare contenuti moda in cui la competenza consenta di raggiungere il massimo della qualit\u00e0 e una manifattura di alto livello. La nostra volont\u00e0 di realizzare prodotti sempre pi\u00f9 esclusivi si scontrava con la difficolt\u00e0 di trovare mani abili e produttive nella realizzazione di capi di maglieria superfine, [&hellip;]\" \/>\n<meta property=\"og:url\" content=\"https:\/\/www.themodafactory.com\/en\/chi-siamo\/\" \/>\n<meta property=\"og:site_name\" content=\"Themodafactory\" \/>\n<meta property=\"article:modified_time\" content=\"2025-12-06T07:36:15+00:00\" \/>\n<meta property=\"og:image\" content=\"https:\/\/www.themodafactory.com\/wp-content\/uploads\/2025\/12\/1000203644-1024x683.png\" \/>\n<meta name=\"twitter:card\" content=\"summary_large_image\" \/>\n<meta name=\"twitter:label1\" content=\"Est. reading time\" \/>\n\t<meta name=\"twitter:data1\" content=\"3 minutes\" \/>\n<script type=\"application\/ld+json\" class=\"yoast-schema-graph\">{\"@context\":\"https:\\\/\\\/schema.org\",\"@graph\":[{\"@type\":\"WebPage\",\"@id\":\"https:\\\/\\\/www.themodafactory.com\\\/chi-siamo\\\/\",\"url\":\"https:\\\/\\\/www.themodafactory.com\\\/chi-siamo\\\/\",\"name\":\"Chi siamo - Themodafactory\",\"isPartOf\":{\"@id\":\"https:\\\/\\\/www.themodafactory.com\\\/#website\"},\"primaryImageOfPage\":{\"@id\":\"https:\\\/\\\/www.themodafactory.com\\\/chi-siamo\\\/#primaryimage\"},\"image\":{\"@id\":\"https:\\\/\\\/www.themodafactory.com\\\/chi-siamo\\\/#primaryimage\"},\"thumbnailUrl\":\"https:\\\/\\\/www.themodafactory.com\\\/wp-content\\\/uploads\\\/2025\\\/12\\\/1000203644-1024x683.png\",\"datePublished\":\"2025-11-28T09:02:22+00:00\",\"dateModified\":\"2025-12-06T07:36:15+00:00\",\"breadcrumb\":{\"@id\":\"https:\\\/\\\/www.themodafactory.com\\\/chi-siamo\\\/#breadcrumb\"},\"inLanguage\":\"en-US\",\"potentialAction\":[{\"@type\":\"ReadAction\",\"target\":[\"https:\\\/\\\/www.themodafactory.com\\\/chi-siamo\\\/\"]}]},{\"@type\":\"ImageObject\",\"inLanguage\":\"en-US\",\"@id\":\"https:\\\/\\\/www.themodafactory.com\\\/chi-siamo\\\/#primaryimage\",\"url\":\"https:\\\/\\\/www.themodafactory.com\\\/wp-content\\\/uploads\\\/2025\\\/12\\\/1000203644-1024x683.png\",\"contentUrl\":\"https:\\\/\\\/www.themodafactory.com\\\/wp-content\\\/uploads\\\/2025\\\/12\\\/1000203644-1024x683.png\"},{\"@type\":\"BreadcrumbList\",\"@id\":\"https:\\\/\\\/www.themodafactory.com\\\/chi-siamo\\\/#breadcrumb\",\"itemListElement\":[{\"@type\":\"ListItem\",\"position\":1,\"name\":\"Home\",\"item\":\"https:\\\/\\\/www.themodafactory.com\\\/\"},{\"@type\":\"ListItem\",\"position\":2,\"name\":\"Chi siamo\"}]},{\"@type\":\"WebSite\",\"@id\":\"https:\\\/\\\/www.themodafactory.com\\\/#website\",\"url\":\"https:\\\/\\\/www.themodafactory.com\\\/\",\"name\":\"Themodafactory\",\"description\":\"\",\"publisher\":{\"@id\":\"https:\\\/\\\/www.themodafactory.com\\\/#organization\"},\"potentialAction\":[{\"@type\":\"SearchAction\",\"target\":{\"@type\":\"EntryPoint\",\"urlTemplate\":\"https:\\\/\\\/www.themodafactory.com\\\/?s={search_term_string}\"},\"query-input\":{\"@type\":\"PropertyValueSpecification\",\"valueRequired\":true,\"valueName\":\"search_term_string\"}}],\"inLanguage\":\"en-US\"},{\"@type\":\"Organization\",\"@id\":\"https:\\\/\\\/www.themodafactory.com\\\/#organization\",\"name\":\"Themodafactory\",\"url\":\"https:\\\/\\\/www.themodafactory.com\\\/\",\"logo\":{\"@type\":\"ImageObject\",\"inLanguage\":\"en-US\",\"@id\":\"https:\\\/\\\/www.themodafactory.com\\\/#\\\/schema\\\/logo\\\/image\\\/\",\"url\":\"https:\\\/\\\/www.themodafactory.com\\\/wp-content\\\/uploads\\\/2025\\\/11\\\/Marchio-Nero-scaled.png\",\"contentUrl\":\"https:\\\/\\\/www.themodafactory.com\\\/wp-content\\\/uploads\\\/2025\\\/11\\\/Marchio-Nero-scaled.png\",\"width\":2560,\"height\":1453,\"caption\":\"Themodafactory\"},\"image\":{\"@id\":\"https:\\\/\\\/www.themodafactory.com\\\/#\\\/schema\\\/logo\\\/image\\\/\"}}]}<\/script>\n<!-- \/ Yoast SEO Premium plugin. -->","yoast_head_json":{"title":"Chi siamo - Themodafactory","robots":{"index":"index","follow":"follow","max-snippet":"max-snippet:-1","max-image-preview":"max-image-preview:large","max-video-preview":"max-video-preview:-1"},"canonical":"https:\/\/www.themodafactory.com\/en\/chi-siamo\/","og_locale":"en_US","og_type":"article","og_title":"Chi siamo","og_description":"LA NOSTRA STORIA &#8220;TheModaFashion&#8221; nasce dal desiderio di creare contenuti moda in cui la competenza consenta di raggiungere il massimo della qualit\u00e0 e una manifattura di alto livello. La nostra volont\u00e0 di realizzare prodotti sempre pi\u00f9 esclusivi si scontrava con la difficolt\u00e0 di trovare mani abili e produttive nella realizzazione di capi di maglieria superfine, [&hellip;]","og_url":"https:\/\/www.themodafactory.com\/en\/chi-siamo\/","og_site_name":"Themodafactory","article_modified_time":"2025-12-06T07:36:15+00:00","og_image":[{"url":"https:\/\/www.themodafactory.com\/wp-content\/uploads\/2025\/12\/1000203644-1024x683.png","type":"","width":"","height":""}],"twitter_card":"summary_large_image","twitter_misc":{"Est. reading time":"3 minutes"},"schema":{"@context":"https:\/\/schema.org","@graph":[{"@type":"WebPage","@id":"https:\/\/www.themodafactory.com\/chi-siamo\/","url":"https:\/\/www.themodafactory.com\/chi-siamo\/","name":"Chi siamo - Themodafactory","isPartOf":{"@id":"https:\/\/www.themodafactory.com\/#website"},"primaryImageOfPage":{"@id":"https:\/\/www.themodafactory.com\/chi-siamo\/#primaryimage"},"image":{"@id":"https:\/\/www.themodafactory.com\/chi-siamo\/#primaryimage"},"thumbnailUrl":"https:\/\/www.themodafactory.com\/wp-content\/uploads\/2025\/12\/1000203644-1024x683.png","datePublished":"2025-11-28T09:02:22+00:00","dateModified":"2025-12-06T07:36:15+00:00","breadcrumb":{"@id":"https:\/\/www.themodafactory.com\/chi-siamo\/#breadcrumb"},"inLanguage":"en-US","potentialAction":[{"@type":"ReadAction","target":["https:\/\/www.themodafactory.com\/chi-siamo\/"]}]},{"@type":"ImageObject","inLanguage":"en-US","@id":"https:\/\/www.themodafactory.com\/chi-siamo\/#primaryimage","url":"https:\/\/www.themodafactory.com\/wp-content\/uploads\/2025\/12\/1000203644-1024x683.png","contentUrl":"https:\/\/www.themodafactory.com\/wp-content\/uploads\/2025\/12\/1000203644-1024x683.png"},{"@type":"BreadcrumbList","@id":"https:\/\/www.themodafactory.com\/chi-siamo\/#breadcrumb","itemListElement":[{"@type":"ListItem","position":1,"name":"Home","item":"https:\/\/www.themodafactory.com\/"},{"@type":"ListItem","position":2,"name":"Chi siamo"}]},{"@type":"WebSite","@id":"https:\/\/www.themodafactory.com\/#website","url":"https:\/\/www.themodafactory.com\/","name":"Themodafactory","description":"","publisher":{"@id":"https:\/\/www.themodafactory.com\/#organization"},"potentialAction":[{"@type":"SearchAction","target":{"@type":"EntryPoint","urlTemplate":"https:\/\/www.themodafactory.com\/?s={search_term_string}"},"query-input":{"@type":"PropertyValueSpecification","valueRequired":true,"valueName":"search_term_string"}}],"inLanguage":"en-US"},{"@type":"Organization","@id":"https:\/\/www.themodafactory.com\/#organization","name":"Themodafactory","url":"https:\/\/www.themodafactory.com\/","logo":{"@type":"ImageObject","inLanguage":"en-US","@id":"https:\/\/www.themodafactory.com\/#\/schema\/logo\/image\/","url":"https:\/\/www.themodafactory.com\/wp-content\/uploads\/2025\/11\/Marchio-Nero-scaled.png","contentUrl":"https:\/\/www.themodafactory.com\/wp-content\/uploads\/2025\/11\/Marchio-Nero-scaled.png","width":2560,"height":1453,"caption":"Themodafactory"},"image":{"@id":"https:\/\/www.themodafactory.com\/#\/schema\/logo\/image\/"}}]}},"_links":{"self":[{"href":"https:\/\/www.themodafactory.com\/en\/wp-json\/wp\/v2\/pages\/36","targetHints":{"allow":["GET"]}}],"collection":[{"href":"https:\/\/www.themodafactory.com\/en\/wp-json\/wp\/v2\/pages"}],"about":[{"href":"https:\/\/www.themodafactory.com\/en\/wp-json\/wp\/v2\/types\/page"}],"author":[{"embeddable":true,"href":"https:\/\/www.themodafactory.com\/en\/wp-json\/wp\/v2\/users\/1"}],"replies":[{"embeddable":true,"href":"https:\/\/www.themodafactory.com\/en\/wp-json\/wp\/v2\/comments?post=36"}],"version-history":[{"count":48,"href":"https:\/\/www.themodafactory.com\/en\/wp-json\/wp\/v2\/pages\/36\/revisions"}],"predecessor-version":[{"id":122995,"href":"https:\/\/www.themodafactory.com\/en\/wp-json\/wp\/v2\/pages\/36\/revisions\/122995"}],"wp:attachment":[{"href":"https:\/\/www.themodafactory.com\/en\/wp-json\/wp\/v2\/media?parent=36"}],"curies":[{"name":"wp","href":"https:\/\/api.w.org\/{rel}","templated":true}]}}